{"id":125,"date":"2019-05-08T23:39:29","date_gmt":"2019-05-08T23:39:29","guid":{"rendered":"http:\/\/www.canondecarnuelandgrant.org\/?page_id=125"},"modified":"2025-07-04T22:04:16","modified_gmt":"2025-07-04T22:04:16","slug":"1763-grant","status":"publish","type":"page","link":"https:\/\/www.canondecarnuelandgrant.org\/index.php\/1763-grant\/","title":{"rendered":"1763 Grant"},"content":{"rendered":"\n<p>In 1762, nineteen prospective settlers petitioned Governor Tom\u00e1s V\u00e9lez Cachup\u00edn for a grant of land in the Ca\u00f1on de Carnu\u00e9. Governor Cachup\u00edn replied in February of the following year, confirming the grant. <\/p>\n","protected":false},"excerpt":{"rendered":"<p>In 1762, nineteen prospective settlers petitioned Governor Tom\u00e1s V\u00e9lez Cachup\u00edn for a grant of land in the Ca\u00f1on de Carnu\u00e9. Governor Cachup\u00edn replied in February of the following year, confirming the grant.<\/p>\n","protected":false},"author":1,"featured_media":0,"parent":0,"menu_order":0,"comment_status":"closed","ping_status":"closed","template":"","meta":{"ngg_post_thumbnail":0,"footnotes":""},"class_list":["post-125","page","type-page","status-publish","hentry"],"_links":{"self":[{"href":"https:\/\/www.canondecarnuelandgrant.org\/index.php\/wp-json\/wp\/v2\/pages\/125","targetHints":{"allow":["GET"]}}],"collection":[{"href":"https:\/\/www.canondecarnuelandgrant.org\/index.php\/wp-json\/wp\/v2\/pages"}],"about":[{"href":"https:\/\/www.canondecarnuelandgrant.org\/index.php\/wp-json\/wp\/v2\/types\/page"}],"author":[{"embeddable":true,"href":"https:\/\/www.canondecarnuelandgrant.org\/index.php\/wp-json\/wp\/v2\/users\/1"}],"replies":[{"embeddable":true,"href":"https:\/\/www.canondecarnuelandgrant.org\/index.php\/wp-json\/wp\/v2\/comments?post=125"}],"version-history":[{"count":2,"href":"https:\/\/www.canondecarnuelandgrant.org\/index.php\/wp-json\/wp\/v2\/pages\/125\/revisions"}],"predecessor-version":[{"id":867,"href":"https:\/\/www.canondecarnuelandgrant.org\/index.php\/wp-json\/wp\/v2\/pages\/125\/revisions\/867"}],"wp:attachment":[{"href":"https:\/\/www.canondecarnuelandgrant.org\/index.php\/wp-json\/wp\/v2\/media?parent=125"}],"curies":[{"name":"wp","href":"https:\/\/api.w.org\/{rel}","templated":true}]}}